{"id":92,"date":"2025-10-22T10:22:07","date_gmt":"2025-10-22T10:22:07","guid":{"rendered":"https:\/\/watra.zhp.pl\/?page_id=92"},"modified":"2025-10-22T19:02:47","modified_gmt":"2025-10-22T19:02:47","slug":"dla-mediow","status":"publish","type":"page","link":"https:\/\/watra.zhp.pl\/index.php\/dla-mediow\/","title":{"rendered":"dla medi\u00f3w"},"content":{"rendered":"\n<div class=\"wp-block-group is-nowrap is-layout-flex wp-container-core-group-is-layout-6c531013 wp-block-group-is-layout-flex\">\n<figure class=\"wp-block-image size-full\"><img loading=\"lazy\" decoding=\"async\" width=\"1920\" height=\"1277\" src=\"https:\/\/watra.zhp.pl\/wp-content\/uploads\/2025\/10\/538113579_1308521981065416_8117134803887988141_n.jpg\" alt=\"\" class=\"wp-image-168\"\/><figcaption class=\"wp-element-caption\">Fot. Pawe\u0142 Klein\/ZHP<\/figcaption><\/figure>\n\n\n\n<h2 class=\"wp-block-heading\">Czym jest w\u0119drownictwo w ZHP?<\/h2>\n<\/div>\n\n\n\n<p>W\u0119drownictwo jest ruchem metodycznym Zwi\u0105zku Harcerstwa Polskiego zrzeszaj\u0105cym cz\u0142onk\u00f3w w wieku 15 \u2013 21 lat. Etap ten skupia si\u0119 przede wszystkim na rozwoju m\u0142odego cz\u0142owieka, wsparciu go w pokonywaniu \u017cyciowych i osobistych barier oraz rozwi\u0105zywaniu problem\u00f3w, kt\u00f3re napotyka. M\u0142odzie\u017c w tym czasie rozwija swoje osobiste umiej\u0119tno\u015bci, poszerza spo\u0142eczne horyzonty oraz wsp\u00f3lnie z grup\u0105 r\u00f3wie\u015bnik\u00f3w realizuje cele, kt\u00f3re prowadz\u0105 do samodoskonalenia oraz wsparcia lokalnej spo\u0142eczno\u015bci. W\u0119drownictwo to ruch programowo-metodyczny nastawiony na przygotowanie m\u0142odego cz\u0142owieka do wej\u015bcia w doros\u0142o\u015b\u0107, na rynek pracy, do spo\u0142ecze\u0144stwa.<\/p>\n\n\n\n<p>Dewiza w\u0119drownicza, kt\u00f3ra ma by\u0107 has\u0142em przoduj\u0105cym W\u0119drownikom w ich \u017cyciu, brzmi \u201eWyjd\u017a w \u015bwiat, zobacz, pomy\u015bl \u2013 pom\u00f3\u017c, czyli dzia\u0142aj\u201d. Opisuje ona bardzo generalnie, jak otwartym, uwa\u017cnym i rozwa\u017cnym cz\u0142owiekiem, gotowym do pomocy i odwa\u017cnym w dzia\u0142aniu powinien chcie\u0107 stawa\u0107 si\u0119 W\u0119drownik.<\/p>\n\n\n\n<div class=\"wp-block-group is-nowrap is-layout-flex wp-container-core-group-is-layout-6c531013 wp-block-group-is-layout-flex\">\n<h2 class=\"wp-block-heading\">Czym jest W\u0119drownicza Watra?<\/h2>\n\n\n\n<figure class=\"wp-block-image size-full\"><img loading=\"lazy\" decoding=\"async\" width=\"1920\" height=\"1277\" src=\"https:\/\/watra.zhp.pl\/wp-content\/uploads\/2025\/10\/535119756_1308522124398735_1374301148541323728_n.jpg\" alt=\"\" class=\"wp-image-170\"\/><figcaption class=\"wp-element-caption\">Fot. Pawe\u0142 Klein\/ZHP<\/figcaption><\/figure>\n<\/div>\n\n\n\n<p>W\u0119drownicza Watra to cykliczny, og\u00f3lnopolski zlot organizowany dla w\u0119drownik\u00f3w. Co roku bierze w nim udzia\u0142 kilkaset m\u0142odych ludzi, kt\u00f3rzy chc\u0105 by\u0107 aktywnymi cz\u0142onkami lokalnych spo\u0142eczno\u015bci, liderami, osi\u0105ga\u0107 mistrzostwo w r\u00f3\u017cnorakich dziedzinach. Wydarzenie to corocznie zrzesza kilkudziesi\u0119ciu ekspert\u00f3w, influencer\u00f3w oraz artyst\u00f3w, kt\u00f3rzy zaszczepiaj\u0105 w uczestnikach W\u0119drowniczej Watry now\u0105 wiedz\u0119, umiej\u0119tno\u015bci o pasje do dzia\u0142ania w nowym nadchodz\u0105cym roku. Staramy si\u0119, aby wydarzeniu zawsze towarzyszy\u0142a atmosfera otwarto\u015bci, tolerancji, wsparcia, pola do samorozwoju i samorealizacji, a tak\u017ce aspekt wyzwania i celu do kt\u00f3rego m\u0142odzie\u017c chce d\u0105\u017cy\u0107.<\/p>\n\n\n\n<h2 class=\"wp-block-heading\">Kontakt dla prasy<\/h2>\n\n\n\n<p>Email:<br><strong><a href=\"mailto:watra@zhp.pl\" target=\"_blank\" rel=\"noreferrer noopener\">watra@zhp.pl<\/a><\/strong>&nbsp;<\/p>\n\n\n\n<figure class=\"wp-block-image aligncenter size-full is-resized\"><img loading=\"lazy\" decoding=\"async\" width=\"1365\" height=\"2048\" src=\"https:\/\/watra.zhp.pl\/wp-content\/uploads\/2025\/10\/540434351_1308514171066197_4643193715901856307_n.jpg\" alt=\"\" class=\"wp-image-174\" style=\"aspect-ratio:4\/3;object-fit:cover;width:635px;height:auto\"\/><figcaption class=\"wp-element-caption\">Fot. Alan K\u0142us\/ZHP<\/figcaption><\/figure>\n","protected":false},"excerpt":{"rendered":"<p>Czym jest w\u0119drownictwo w ZHP? W\u0119drownictwo jest ruchem metodycznym Zwi\u0105zku Harcerstwa Polskiego zrzeszaj\u0105cym cz\u0142onk\u00f3w w wieku 15 \u2013 21 lat. Etap ten skupia si\u0119 przede wszystkim na rozwoju m\u0142odego cz\u0142owieka, wsparciu go w pokonywaniu \u017cyciowych i osobistych barier oraz rozwi\u0105zywaniu problem\u00f3w, kt\u00f3re napotyka. M\u0142odzie\u017c w tym czasie rozwija swoje osobiste umiej\u0119tno\u015bci, poszerza spo\u0142eczne horyzonty oraz [&hellip;]<\/p>\n","protected":false},"author":1,"featured_media":0,"parent":0,"menu_order":0,"comment_status":"closed","ping_status":"closed","template":"","meta":{"_frontis_meta_header_display":false,"_frontis_meta_footer_display":false,"_frontis_meta_site_title_display":false,"_frontis_meta_sticky_header":false,"_frontis_meta_transparent_header":false,"_frontis_meta_lazy_load":false,"_frontis_meta_transparent_bg_color":"","_frontis_meta_sticky_bg_color":"","footnotes":""},"class_list":["post-92","page","type-page","status-publish","hentry"],"_links":{"self":[{"href":"https:\/\/watra.zhp.pl\/index.php\/wp-json\/wp\/v2\/pages\/92","targetHints":{"allow":["GET"]}}],"collection":[{"href":"https:\/\/watra.zhp.pl\/index.php\/wp-json\/wp\/v2\/pages"}],"about":[{"href":"https:\/\/watra.zhp.pl\/index.php\/wp-json\/wp\/v2\/types\/page"}],"author":[{"embeddable":true,"href":"https:\/\/watra.zhp.pl\/index.php\/wp-json\/wp\/v2\/users\/1"}],"replies":[{"embeddable":true,"href":"https:\/\/watra.zhp.pl\/index.php\/wp-json\/wp\/v2\/comments?post=92"}],"version-history":[{"count":6,"href":"https:\/\/watra.zhp.pl\/index.php\/wp-json\/wp\/v2\/pages\/92\/revisions"}],"predecessor-version":[{"id":177,"href":"https:\/\/watra.zhp.pl\/index.php\/wp-json\/wp\/v2\/pages\/92\/revisions\/177"}],"wp:attachment":[{"href":"https:\/\/watra.zhp.pl\/index.php\/wp-json\/wp\/v2\/media?parent=92"}],"curies":[{"name":"wp","href":"https:\/\/api.w.org\/{rel}","templated":true}]}}